{"id":743,"date":"2023-12-24T16:49:12","date_gmt":"2023-12-24T16:49:12","guid":{"rendered":"https:\/\/drnikolabaros.com\/?page_id=743"},"modified":"2024-03-03T18:20:46","modified_gmt":"2024-03-03T18:20:46","slug":"hirurgija-grudi","status":"publish","type":"page","link":"https:\/\/drnikolabaros.com\/en\/operativni-zahvati\/hirurgija-grudi\/","title":{"rendered":"Breast surgery"},"content":{"rendered":"<div data-elementor-type=\"wp-page\" data-elementor-id=\"743\" class=\"elementor elementor-743\">\n\t\t\t\t<div class=\"elementor-element elementor-element-8bd57d5 e-con-full e-flex e-con e-parent\" data-id=\"8bd57d5\" data-element_type=\"container\" data-e-type=\"container\" data-settings=\"{&quot;background_background&quot;:&quot;classic&quot;}\">\n\t\t\t\t<div class=\"elementor-element elementor-element-cb6bebc animated-slow elementor-invisible elementor-widget elementor-widget-image\" data-id=\"cb6bebc\" data-element_type=\"widget\" data-e-type=\"widget\" data-settings=\"{&quot;_animation&quot;:&quot;fadeIn&quot;,&quot;_animation_delay&quot;:300}\" data-widget_type=\"image.default\">\n\t\t\t\t<div class=\"elementor-widget-container\">\n\t\t\t\t\t\t\t\t\t\t\t\t\t\t\t<img decoding=\"async\" src=\"https:\/\/drnikolabaros.com\/wp-content\/uploads\/2023\/12\/dr-nikola-baros-logo-blog-bijeli.svg\" title=\"dr-nikola-baros-logo-blog-bijeli\" alt=\"Doktor Nikola Baro\u0161 logo - verzija za blog\" loading=\"lazy\" \/>\t\t\t\t\t\t\t\t\t\t\t\t\t\t\t<\/div>\n\t\t\t\t<\/div>\n\t\t\t\t<\/div>\n\t\t<div class=\"elementor-element elementor-element-f266353 e-flex e-con-boxed e-con e-parent\" data-id=\"f266353\" data-element_type=\"container\" data-e-type=\"container\">\n\t\t\t\t\t<div class=\"e-con-inner\">\n\t\t\t\t<div class=\"elementor-element elementor-element-04acbea animated-slow elementor-invisible elementor-widget elementor-widget-heading\" data-id=\"04acbea\" data-element_type=\"widget\" data-e-type=\"widget\" data-settings=\"{&quot;_animation&quot;:&quot;fadeIn&quot;}\" data-widget_type=\"heading.default\">\n\t\t\t\t<div class=\"elementor-widget-container\">\n\t\t\t\t\t<h2 class=\"elementor-heading-title elementor-size-default\">Breast surgery<\/h2>\t\t\t\t<\/div>\n\t\t\t\t<\/div>\n\t\t\t\t<div class=\"elementor-element elementor-element-e1d1102 animated-slow elementor-invisible elementor-widget elementor-widget-text-editor\" data-id=\"e1d1102\" data-element_type=\"widget\" data-e-type=\"widget\" data-settings=\"{&quot;_animation&quot;:&quot;fadeIn&quot;,&quot;_animation_delay&quot;:300}\" data-widget_type=\"text-editor.default\">\n\t\t\t\t<div class=\"elementor-widget-container\">\n\t\t\t\t\t\t\t\t\t<p>Read about various procedures related to breasts and inform yourself about the procedures you need.<\/p>\t\t\t\t\t\t\t\t<\/div>\n\t\t\t\t<\/div>\n\t\t\t\t\t<\/div>\n\t\t\t\t<\/div>\n\t\t<div class=\"elementor-element elementor-element-9b5799c animated-slow e-flex e-con-boxed elementor-invisible e-con e-parent\" data-id=\"9b5799c\" data-element_type=\"container\" data-e-type=\"container\" data-settings=\"{&quot;animation&quot;:&quot;fadeIn&quot;,&quot;animation_delay&quot;:600}\">\n\t\t\t\t\t<div class=\"e-con-inner\">\n\t\t<div class=\"elementor-element elementor-element-3c854ec service-listing e-flex e-con-boxed e-con e-child\" data-id=\"3c854ec\" data-element_type=\"container\" data-e-type=\"container\" data-settings=\"{&quot;background_background&quot;:&quot;classic&quot;}\">\n\t\t\t\t\t<div class=\"e-con-inner\">\n\t\t\t\t<div class=\"elementor-element elementor-element-2e2f6b1 service-title-test elementor-widget elementor-widget-text-editor\" data-id=\"2e2f6b1\" data-element_type=\"widget\" data-e-type=\"widget\" data-widget_type=\"text-editor.default\">\n\t\t\t\t<div class=\"elementor-widget-container\">\n\t\t\t\t\t\t\t\t\t<h4><a href=\"https:\/\/drnikolabaros.com\/en\/operativni-zahvati\/hirurgija-grudi\/augmentacija-grudi\/\">Breast enlargement<\/a><\/h4>\t\t\t\t\t\t\t\t<\/div>\n\t\t\t\t<\/div>\n\t\t\t\t\t<\/div>\n\t\t\t\t<\/div>\n\t\t<div class=\"elementor-element elementor-element-6a382cf service-listing e-flex e-con-boxed e-con e-child\" data-id=\"6a382cf\" data-element_type=\"container\" data-e-type=\"container\" data-settings=\"{&quot;background_background&quot;:&quot;classic&quot;}\">\n\t\t\t\t\t<div class=\"e-con-inner\">\n\t\t\t\t<div class=\"elementor-element elementor-element-cdeb331 service-title-test elementor-widget elementor-widget-text-editor\" data-id=\"cdeb331\" data-element_type=\"widget\" data-e-type=\"widget\" data-widget_type=\"text-editor.default\">\n\t\t\t\t<div class=\"elementor-widget-container\">\n\t\t\t\t\t\t\t\t\t<h4><a href=\"https:\/\/drnikolabaros.com\/en\/operativni-zahvati\/hirurgija-grudi\/smanjivanje-i-podizanje-grudi\/\">Breast reduction and lift<\/a><\/h4>\t\t\t\t\t\t\t\t<\/div>\n\t\t\t\t<\/div>\n\t\t\t\t\t<\/div>\n\t\t\t\t<\/div>\n\t\t\t\t\t<\/div>\n\t\t\t\t<\/div>\n\t\t<div class=\"elementor-element elementor-element-55033ab animated-slow e-flex e-con-boxed elementor-invisible e-con e-parent\" data-id=\"55033ab\" data-element_type=\"container\" data-e-type=\"container\" data-settings=\"{&quot;animation&quot;:&quot;fadeIn&quot;,&quot;animation_delay&quot;:600}\">\n\t\t\t\t\t<div class=\"e-con-inner\">\n\t\t<div class=\"elementor-element elementor-element-6278e1e service-listing e-flex e-con-boxed e-con e-child\" data-id=\"6278e1e\" data-element_type=\"container\" data-e-type=\"container\" data-settings=\"{&quot;background_background&quot;:&quot;classic&quot;}\">\n\t\t\t\t\t<div class=\"e-con-inner\">\n\t\t\t\t<div class=\"elementor-element elementor-element-4a4cbcf service-title-test elementor-widget elementor-widget-text-editor\" data-id=\"4a4cbcf\" data-element_type=\"widget\" data-e-type=\"widget\" data-widget_type=\"text-editor.default\">\n\t\t\t\t<div class=\"elementor-widget-container\">\n\t\t\t\t\t\t\t\t\t<h4><a href=\"https:\/\/drnikolabaros.com\/en\/operativni-zahvati\/hirurgija-grudi\/rekonstrukcija-i-korekcija-asimetrije-grudi\/\">Breast Reconstruction and Asymmetry Correction<\/a><\/h4>\t\t\t\t\t\t\t\t<\/div>\n\t\t\t\t<\/div>\n\t\t\t\t\t<\/div>\n\t\t\t\t<\/div>\n\t\t<div class=\"elementor-element elementor-element-6e6dc68 service-listing e-flex e-con-boxed e-con e-child\" data-id=\"6e6dc68\" data-element_type=\"container\" data-e-type=\"container\" data-settings=\"{&quot;background_background&quot;:&quot;classic&quot;}\">\n\t\t\t\t\t<div class=\"e-con-inner\">\n\t\t\t\t<div class=\"elementor-element elementor-element-07fe3c4 service-title-test elementor-widget elementor-widget-text-editor\" data-id=\"07fe3c4\" data-element_type=\"widget\" data-e-type=\"widget\" data-widget_type=\"text-editor.default\">\n\t\t\t\t<div class=\"elementor-widget-container\">\n\t\t\t\t\t\t\t\t\t<h4><a href=\"https:\/\/drnikolabaros.com\/en\/operativni-zahvati\/hirurgija-grudi\/ginekomastija\/\">Gynecomastia<\/a><\/h4>\t\t\t\t\t\t\t\t<\/div>\n\t\t\t\t<\/div>\n\t\t\t\t\t<\/div>\n\t\t\t\t<\/div>\n\t\t\t\t\t<\/div>\n\t\t\t\t<\/div>\n\t\t<div class=\"elementor-element elementor-element-7d85d21 e-flex e-con-boxed e-con e-parent\" data-id=\"7d85d21\" data-element_type=\"container\" data-e-type=\"container\">\n\t\t\t\t\t<div class=\"e-con-inner\">\n\t\t\t\t<div class=\"elementor-element elementor-element-01c2fbb animated-slow elementor-widget-divider--view-line elementor-invisible elementor-widget elementor-widget-divider\" data-id=\"01c2fbb\" data-element_type=\"widget\" data-e-type=\"widget\" data-settings=\"{&quot;_animation&quot;:&quot;fadeIn&quot;}\" data-widget_type=\"divider.default\">\n\t\t\t\t<div class=\"elementor-widget-container\">\n\t\t\t\t\t\t\t<div class=\"elementor-divider\">\n\t\t\t<span class=\"elementor-divider-separator\">\n\t\t\t\t\t\t<\/span>\n\t\t<\/div>\n\t\t\t\t\t\t<\/div>\n\t\t\t\t<\/div>\n\t\t\t\t<div class=\"elementor-element elementor-element-16c0f6d animated-slow elementor-invisible elementor-widget elementor-widget-text-editor\" data-id=\"16c0f6d\" data-element_type=\"widget\" data-e-type=\"widget\" data-settings=\"{&quot;_animation&quot;:&quot;fadeIn&quot;,&quot;_animation_delay&quot;:300}\" data-widget_type=\"text-editor.default\">\n\t\t\t\t<div class=\"elementor-widget-container\">\n\t\t\t\t\t\t\t\t\t<p style=\"text-align: center;\">All photos of procedures are real works of Dr. Baro\u0161. The photographs have not been edited to create a false impression of the results of the work. The only interventions performed on the photographs of the procedures are cropping for fitting onto the page due to dimensions or changes such as the removal of tattoos (at the patient's request).<\/p>\t\t\t\t\t\t\t\t<\/div>\n\t\t\t\t<\/div>\n\t\t\t\t\t<\/div>\n\t\t\t\t<\/div>\n\t\t\t\t<\/div>","protected":false},"excerpt":{"rendered":"<p>Hirurgija grudi Pro\u010ditajte o razli\u010ditim zahvatima koji se mogu raditi na grudima i informi\u0161ite se o zahvatu koji je Vama potreban. Pove\u0107anje grudi Smanjivanje i podizanje grudi Rekonstrukcija i korekcija asimetrije grudi Ginekomastija Sve fotografije\u00a0 zahvata su stvarni radovi doktora Baro\u0161a. Fotografije nisu ure\u0111ene tako da bi se stekao la\u017eni utisak o rezultatima rada. Jedine [&hellip;]<\/p>\n","protected":false},"author":1,"featured_media":0,"parent":740,"menu_order":0,"comment_status":"closed","ping_status":"closed","template":"","meta":{"om_disable_all_campaigns":false,"_monsterinsights_skip_tracking":false,"_monsterinsights_sitenote_active":false,"_monsterinsights_sitenote_note":"","_monsterinsights_sitenote_category":0,"site-sidebar-layout":"no-sidebar","site-content-layout":"page-builder","ast-site-content-layout":"full-width-container","site-content-style":"default","site-sidebar-style":"default","ast-global-header-display":"","ast-banner-title-visibility":"","ast-main-header-display":"","ast-hfb-above-header-display":"","ast-hfb-below-header-display":"","ast-hfb-mobile-header-display":"","site-post-title":"disabled","ast-breadcrumbs-content":"","ast-featured-img":"disabled","footer-sml-layout":"","ast-disable-related-posts":"","theme-transparent-header-meta":"","adv-header-id-meta":"","stick-header-meta":"","header-above-stick-meta":"","header-main-stick-meta":"","header-below-stick-meta":"","astra-migrate-meta-layouts":"set","ast-page-background-enabled":"default","ast-page-background-meta":{"desktop":{"background-color":"","background-image":"","background-repeat":"repeat","background-position":"center center","background-size":"auto","background-attachment":"scroll","background-type":"","background-media":"","overlay-type":"","overlay-color":"","overlay-opacity":"","overlay-gradient":""},"tablet":{"background-color":"","background-image":"","background-repeat":"repeat","background-position":"center center","background-size":"auto","background-attachment":"scroll","background-type":"","background-media":"","overlay-type":"","overlay-color":"","overlay-opacity":"","overlay-gradient":""},"mobile":{"background-color":"","background-image":"","background-repeat":"repeat","background-position":"center center","background-size":"auto","background-attachment":"scroll","background-type":"","background-media":"","overlay-type":"","overlay-color":"","overlay-opacity":"","overlay-gradient":""}},"ast-content-background-meta":{"desktop":{"background-color":"var(--ast-global-color-5)","background-image":"","background-repeat":"repeat","background-position":"center center","background-size":"auto","background-attachment":"scroll","background-type":"","background-media":"","overlay-type":"","overlay-color":"","overlay-opacity":"","overlay-gradient":""},"tablet":{"background-color":"var(--ast-global-color-5)","background-image":"","background-repeat":"repeat","background-position":"center center","background-size":"auto","background-attachment":"scroll","background-type":"","background-media":"","overlay-type":"","overlay-color":"","overlay-opacity":"","overlay-gradient":""},"mobile":{"background-color":"var(--ast-global-color-5)","background-image":"","background-repeat":"repeat","background-position":"center center","background-size":"auto","background-attachment":"scroll","background-type":"","background-media":"","overlay-type":"","overlay-color":"","overlay-opacity":"","overlay-gradient":""}},"footnotes":""},"class_list":["post-743","page","type-page","status-publish","hentry"],"aioseo_notices":[],"_links":{"self":[{"href":"https:\/\/drnikolabaros.com\/en\/wp-json\/wp\/v2\/pages\/743","targetHints":{"allow":["GET"]}}],"collection":[{"href":"https:\/\/drnikolabaros.com\/en\/wp-json\/wp\/v2\/pages"}],"about":[{"href":"https:\/\/drnikolabaros.com\/en\/wp-json\/wp\/v2\/types\/page"}],"author":[{"embeddable":true,"href":"https:\/\/drnikolabaros.com\/en\/wp-json\/wp\/v2\/users\/1"}],"replies":[{"embeddable":true,"href":"https:\/\/drnikolabaros.com\/en\/wp-json\/wp\/v2\/comments?post=743"}],"version-history":[{"count":46,"href":"https:\/\/drnikolabaros.com\/en\/wp-json\/wp\/v2\/pages\/743\/revisions"}],"predecessor-version":[{"id":2598,"href":"https:\/\/drnikolabaros.com\/en\/wp-json\/wp\/v2\/pages\/743\/revisions\/2598"}],"up":[{"embeddable":true,"href":"https:\/\/drnikolabaros.com\/en\/wp-json\/wp\/v2\/pages\/740"}],"wp:attachment":[{"href":"https:\/\/drnikolabaros.com\/en\/wp-json\/wp\/v2\/media?parent=743"}],"curies":[{"name":"wp","href":"https:\/\/api.w.org\/{rel}","templated":true}]}}