{"id":901,"date":"2023-12-30T00:43:15","date_gmt":"2023-12-30T00:43:15","guid":{"rendered":"https:\/\/drnikolabaros.com\/?page_id=901"},"modified":"2026-04-09T00:30:10","modified_gmt":"2026-04-09T00:30:10","slug":"galerija","status":"publish","type":"page","link":"https:\/\/drnikolabaros.com\/en\/galerija\/","title":{"rendered":"Gallery"},"content":{"rendered":"<div data-elementor-type=\"wp-page\" data-elementor-id=\"901\" class=\"elementor elementor-901\">\n\t\t\t\t<div class=\"elementor-element elementor-element-a5bf46d e-con-full e-flex e-con e-parent\" data-id=\"a5bf46d\" data-element_type=\"container\" data-e-type=\"container\" data-settings=\"{&quot;background_background&quot;:&quot;classic&quot;}\">\n\t\t\t\t<div class=\"elementor-element elementor-element-6ad8f2e animated-slow elementor-invisible elementor-widget elementor-widget-image\" data-id=\"6ad8f2e\" data-element_type=\"widget\" data-e-type=\"widget\" data-settings=\"{&quot;_animation&quot;:&quot;fadeIn&quot;,&quot;_animation_delay&quot;:300}\" data-widget_type=\"image.default\">\n\t\t\t\t<div class=\"elementor-widget-container\">\n\t\t\t\t\t\t\t\t\t\t\t\t\t\t\t<img decoding=\"async\" width=\"180\" height=\"60\" src=\"https:\/\/drnikolabaros.com\/wp-content\/uploads\/2023\/12\/dr-nikola-baros-logo-blog-bijeli.svg\" class=\"attachment-large size-large wp-image-1005\" alt=\"Doktor Nikola Baro\u0161 logo - verzija za blog\" \/>\t\t\t\t\t\t\t\t\t\t\t\t\t\t\t<\/div>\n\t\t\t\t<\/div>\n\t\t\t\t<\/div>\n\t\t<div class=\"elementor-element elementor-element-6131a0f e-flex e-con-boxed e-con e-parent\" data-id=\"6131a0f\" data-element_type=\"container\" data-e-type=\"container\">\n\t\t\t\t\t<div class=\"e-con-inner\">\n\t\t\t\t<div class=\"elementor-element elementor-element-11dafe0 animated-slow elementor-invisible elementor-widget elementor-widget-heading\" data-id=\"11dafe0\" data-element_type=\"widget\" data-e-type=\"widget\" data-settings=\"{&quot;_animation&quot;:&quot;fadeIn&quot;}\" data-widget_type=\"heading.default\">\n\t\t\t\t<div class=\"elementor-widget-container\">\n\t\t\t\t\t<h2 class=\"elementor-heading-title elementor-size-default\">Gallery<\/h2>\t\t\t\t<\/div>\n\t\t\t\t<\/div>\n\t\t\t\t<div class=\"elementor-element elementor-element-a20491a animated-slow elementor-invisible elementor-widget elementor-widget-text-editor\" data-id=\"a20491a\" data-element_type=\"widget\" data-e-type=\"widget\" data-settings=\"{&quot;_animation&quot;:&quot;fadeIn&quot;,&quot;_animation_delay&quot;:300}\" data-widget_type=\"text-editor.default\">\n\t\t\t\t<div class=\"elementor-widget-container\">\n\t\t\t\t\t\t\t\t\t<p>Pogledajte galeriju u kojoj se nalaze neki od radova dr Baro\u0161a<\/p>\t\t\t\t\t\t\t\t<\/div>\n\t\t\t\t<\/div>\n\t\t\t\t\t<\/div>\n\t\t\t\t<\/div>\n\t\t<div class=\"elementor-element elementor-element-66a5101 animated-slow e-flex e-con-boxed elementor-invisible e-con e-parent\" data-id=\"66a5101\" data-element_type=\"container\" data-e-type=\"container\" data-settings=\"{&quot;animation&quot;:&quot;fadeIn&quot;,&quot;animation_delay&quot;:600}\">\n\t\t\t\t\t<div class=\"e-con-inner\">\n\t\t<div class=\"elementor-element elementor-element-24d6d96 service-listing e-flex e-con-boxed e-con e-child\" data-id=\"24d6d96\" data-element_type=\"container\" data-e-type=\"container\" data-settings=\"{&quot;background_background&quot;:&quot;classic&quot;}\">\n\t\t\t\t\t<div class=\"e-con-inner\">\n\t\t\t\t<div class=\"elementor-element elementor-element-0092a08 service-title elementor-widget elementor-widget-text-editor\" data-id=\"0092a08\" data-element_type=\"widget\" data-e-type=\"widget\" data-widget_type=\"text-editor.default\">\n\t\t\t\t<div class=\"elementor-widget-container\">\n\t\t\t\t\t\t\t\t\t<h4><a href=\"https:\/\/drnikolabaros.com\/en\/galerija-hirurgija-grudi\/\">Breast surgery<\/a><\/h4>\t\t\t\t\t\t\t\t<\/div>\n\t\t\t\t<\/div>\n\t\t<div class=\"elementor-element elementor-element-a8dfd31 service-image e-flex e-con-boxed e-con e-child\" data-id=\"a8dfd31\" data-element_type=\"container\" data-e-type=\"container\">\n\t\t\t\t\t<div class=\"e-con-inner\">\n\t\t\t\t<div class=\"elementor-element elementor-element-560d09f elementor-widget elementor-widget-image\" data-id=\"560d09f\" data-element_type=\"widget\" data-e-type=\"widget\" data-widget_type=\"image.default\">\n\t\t\t\t<div class=\"elementor-widget-container\">\n\t\t\t\t\t\t\t\t\t\t\t\t\t\t\t\t<a href=\"https:\/\/drnikolabaros.com\/en\/hirurgija-grudi\/\">\n\t\t\t\t\t\t\t<img decoding=\"async\" src=\"https:\/\/drnikolabaros.com\/wp-content\/uploads\/2026\/04\/hirurgija-grudi.jpg\" title=\"hirurgija grudi\" alt=\"hirurgija grudi\" loading=\"lazy\" \/>\t\t\t\t\t\t\t\t<\/a>\n\t\t\t\t\t\t\t\t\t\t\t\t\t\t\t<\/div>\n\t\t\t\t<\/div>\n\t\t\t\t\t<\/div>\n\t\t\t\t<\/div>\n\t\t\t\t\t<\/div>\n\t\t\t\t<\/div>\n\t\t<div class=\"elementor-element elementor-element-d88bb44 service-listing e-flex e-con-boxed e-con e-child\" data-id=\"d88bb44\" data-element_type=\"container\" data-e-type=\"container\" data-settings=\"{&quot;background_background&quot;:&quot;classic&quot;}\">\n\t\t\t\t\t<div class=\"e-con-inner\">\n\t\t\t\t<div class=\"elementor-element elementor-element-d9c782a service-title elementor-widget elementor-widget-text-editor\" data-id=\"d9c782a\" data-element_type=\"widget\" data-e-type=\"widget\" data-widget_type=\"text-editor.default\">\n\t\t\t\t<div class=\"elementor-widget-container\">\n\t\t\t\t\t\t\t\t\t<h4><a href=\"https:\/\/drnikolabaros.com\/en\/galerija-estetska-hirurgija-lica\/\">Aestetic face surgery<\/a><\/h4>\t\t\t\t\t\t\t\t<\/div>\n\t\t\t\t<\/div>\n\t\t<div class=\"elementor-element elementor-element-86d5b30 service-image e-flex e-con-boxed e-con e-child\" data-id=\"86d5b30\" data-element_type=\"container\" data-e-type=\"container\">\n\t\t\t\t\t<div class=\"e-con-inner\">\n\t\t\t\t<div class=\"elementor-element elementor-element-c155973 elementor-widget elementor-widget-image\" data-id=\"c155973\" data-element_type=\"widget\" data-e-type=\"widget\" data-widget_type=\"image.default\">\n\t\t\t\t<div class=\"elementor-widget-container\">\n\t\t\t\t\t\t\t\t\t\t\t\t\t\t\t\t<a href=\"https:\/\/drnikolabaros.com\/en\/estetska-hirurgija-lica\/\">\n\t\t\t\t\t\t\t<img decoding=\"async\" src=\"https:\/\/drnikolabaros.com\/wp-content\/uploads\/2024\/02\/estetska-hirurgija-lica-500x333.jpg\" title=\"estetska-hirurgija-lica\" alt=\"Estetska hirurgija lica - Dr Nikola Baro\u0161\" loading=\"lazy\" \/>\t\t\t\t\t\t\t\t<\/a>\n\t\t\t\t\t\t\t\t\t\t\t\t\t\t\t<\/div>\n\t\t\t\t<\/div>\n\t\t\t\t\t<\/div>\n\t\t\t\t<\/div>\n\t\t\t\t\t<\/div>\n\t\t\t\t<\/div>\n\t\t<div class=\"elementor-element elementor-element-8c98c99 service-listing e-flex e-con-boxed e-con e-child\" data-id=\"8c98c99\" data-element_type=\"container\" data-e-type=\"container\" data-settings=\"{&quot;background_background&quot;:&quot;classic&quot;}\">\n\t\t\t\t\t<div class=\"e-con-inner\">\n\t\t\t\t<div class=\"elementor-element elementor-element-b782bdf service-title elementor-widget elementor-widget-text-editor\" data-id=\"b782bdf\" data-element_type=\"widget\" data-e-type=\"widget\" data-widget_type=\"text-editor.default\">\n\t\t\t\t<div class=\"elementor-widget-container\">\n\t\t\t\t\t\t\t\t\t<h4><a href=\"https:\/\/drnikolabaros.com\/en\/galerija-estetska-hirurgija-tijela\/\">Aestetic body surgery<\/a><\/h4>\t\t\t\t\t\t\t\t<\/div>\n\t\t\t\t<\/div>\n\t\t<div class=\"elementor-element elementor-element-ad15852 service-image e-flex e-con-boxed e-con e-child\" data-id=\"ad15852\" data-element_type=\"container\" data-e-type=\"container\">\n\t\t\t\t\t<div class=\"e-con-inner\">\n\t\t\t\t<div class=\"elementor-element elementor-element-256b827 elementor-widget elementor-widget-image\" data-id=\"256b827\" data-element_type=\"widget\" data-e-type=\"widget\" data-widget_type=\"image.default\">\n\t\t\t\t<div class=\"elementor-widget-container\">\n\t\t\t\t\t\t\t\t\t\t\t\t\t\t\t\t<a href=\"https:\/\/drnikolabaros.com\/en\/estetska-hirurgija-tijela\/\">\n\t\t\t\t\t\t\t<img fetchpriority=\"high\" decoding=\"async\" width=\"1024\" height=\"683\" src=\"https:\/\/drnikolabaros.com\/wp-content\/uploads\/2026\/04\/estetska-hirurgija-tijela-1024x683.jpg\" class=\"attachment-large size-large wp-image-3319\" alt=\"\" srcset=\"https:\/\/drnikolabaros.com\/wp-content\/uploads\/2026\/04\/estetska-hirurgija-tijela-1024x683.jpg 1024w, https:\/\/drnikolabaros.com\/wp-content\/uploads\/2026\/04\/estetska-hirurgija-tijela-300x200.jpg 300w, https:\/\/drnikolabaros.com\/wp-content\/uploads\/2026\/04\/estetska-hirurgija-tijela-768x512.jpg 768w, https:\/\/drnikolabaros.com\/wp-content\/uploads\/2026\/04\/estetska-hirurgija-tijela-1536x1024.jpg 1536w, https:\/\/drnikolabaros.com\/wp-content\/uploads\/2026\/04\/estetska-hirurgija-tijela-18x12.jpg 18w, https:\/\/drnikolabaros.com\/wp-content\/uploads\/2026\/04\/estetska-hirurgija-tijela-360x240.jpg 360w, https:\/\/drnikolabaros.com\/wp-content\/uploads\/2026\/04\/estetska-hirurgija-tijela.jpg 1920w\" sizes=\"(max-width: 1024px) 100vw, 1024px\" \/>\t\t\t\t\t\t\t\t<\/a>\n\t\t\t\t\t\t\t\t\t\t\t\t\t\t\t<\/div>\n\t\t\t\t<\/div>\n\t\t\t\t\t<\/div>\n\t\t\t\t<\/div>\n\t\t\t\t\t<\/div>\n\t\t\t\t<\/div>\n\t\t\t\t\t<\/div>\n\t\t\t\t<\/div>\n\t\t<div class=\"elementor-element elementor-element-1babd29 animated-slow e-flex e-con-boxed elementor-invisible e-con e-parent\" data-id=\"1babd29\" data-element_type=\"container\" data-e-type=\"container\" data-settings=\"{&quot;animation&quot;:&quot;fadeIn&quot;,&quot;animation_delay&quot;:900}\">\n\t\t\t\t\t<div class=\"e-con-inner\">\n\t\t<div class=\"elementor-element elementor-element-6c15011 service-listing e-flex e-con-boxed e-con e-child\" data-id=\"6c15011\" data-element_type=\"container\" data-e-type=\"container\" data-settings=\"{&quot;background_background&quot;:&quot;classic&quot;}\">\n\t\t\t\t\t<div class=\"e-con-inner\">\n\t\t\t\t<div class=\"elementor-element elementor-element-aa57cfb service-title elementor-widget elementor-widget-text-editor\" data-id=\"aa57cfb\" data-element_type=\"widget\" data-e-type=\"widget\" data-widget_type=\"text-editor.default\">\n\t\t\t\t<div class=\"elementor-widget-container\">\n\t\t\t\t\t\t\t\t\t<h4><a href=\"https:\/\/drnikolabaros.com\/en\/galerija-injekciona-terapija\/\">Injection therapy<\/a><\/h4>\t\t\t\t\t\t\t\t<\/div>\n\t\t\t\t<\/div>\n\t\t<div class=\"elementor-element elementor-element-5ba84f3 service-image e-flex e-con-boxed e-con e-child\" data-id=\"5ba84f3\" data-element_type=\"container\" data-e-type=\"container\">\n\t\t\t\t\t<div class=\"e-con-inner\">\n\t\t\t\t<div class=\"elementor-element elementor-element-a39ceea elementor-widget elementor-widget-image\" data-id=\"a39ceea\" data-element_type=\"widget\" data-e-type=\"widget\" data-widget_type=\"image.default\">\n\t\t\t\t<div class=\"elementor-widget-container\">\n\t\t\t\t\t\t\t\t\t\t\t\t\t\t\t\t<a href=\"https:\/\/drnikolabaros.com\/en\/hirurgija-sake\/\">\n\t\t\t\t\t\t\t<img decoding=\"async\" width=\"1024\" height=\"683\" src=\"https:\/\/drnikolabaros.com\/wp-content\/uploads\/2026\/04\/injekciona-1024x683.jpg\" class=\"attachment-large size-large wp-image-3318\" alt=\"\" srcset=\"https:\/\/drnikolabaros.com\/wp-content\/uploads\/2026\/04\/injekciona-1024x683.jpg 1024w, https:\/\/drnikolabaros.com\/wp-content\/uploads\/2026\/04\/injekciona-300x200.jpg 300w, https:\/\/drnikolabaros.com\/wp-content\/uploads\/2026\/04\/injekciona-768x512.jpg 768w, https:\/\/drnikolabaros.com\/wp-content\/uploads\/2026\/04\/injekciona-1536x1024.jpg 1536w, https:\/\/drnikolabaros.com\/wp-content\/uploads\/2026\/04\/injekciona-18x12.jpg 18w, https:\/\/drnikolabaros.com\/wp-content\/uploads\/2026\/04\/injekciona-360x240.jpg 360w, https:\/\/drnikolabaros.com\/wp-content\/uploads\/2026\/04\/injekciona.jpg 1920w\" sizes=\"(max-width: 1024px) 100vw, 1024px\" \/>\t\t\t\t\t\t\t\t<\/a>\n\t\t\t\t\t\t\t\t\t\t\t\t\t\t\t<\/div>\n\t\t\t\t<\/div>\n\t\t\t\t\t<\/div>\n\t\t\t\t<\/div>\n\t\t\t\t\t<\/div>\n\t\t\t\t<\/div>\n\t\t<div class=\"elementor-element elementor-element-58fb1f4 service-listing e-flex e-con-boxed e-con e-child\" data-id=\"58fb1f4\" data-element_type=\"container\" data-e-type=\"container\" data-settings=\"{&quot;background_background&quot;:&quot;classic&quot;}\">\n\t\t\t\t\t<div class=\"e-con-inner\">\n\t\t\t\t<div class=\"elementor-element elementor-element-2bee2ba service-title elementor-widget elementor-widget-text-editor\" data-id=\"2bee2ba\" data-element_type=\"widget\" data-e-type=\"widget\" data-widget_type=\"text-editor.default\">\n\t\t\t\t<div class=\"elementor-widget-container\">\n\t\t\t\t\t\t\t\t\t<h4><a href=\"https:\/\/drnikolabaros.com\/en\/galerija-intimna-estetska-hirurgija\/\">Intimate aesthetic surgery<\/a><\/h4>\t\t\t\t\t\t\t\t<\/div>\n\t\t\t\t<\/div>\n\t\t<div class=\"elementor-element elementor-element-e199352 service-image e-flex e-con-boxed e-con e-child\" data-id=\"e199352\" data-element_type=\"container\" data-e-type=\"container\">\n\t\t\t\t\t<div class=\"e-con-inner\">\n\t\t\t\t<div class=\"elementor-element elementor-element-73f5637 elementor-widget elementor-widget-image\" data-id=\"73f5637\" data-element_type=\"widget\" data-e-type=\"widget\" data-widget_type=\"image.default\">\n\t\t\t\t<div class=\"elementor-widget-container\">\n\t\t\t\t\t\t\t\t\t\t\t\t\t\t\t\t<a href=\"https:\/\/drnikolabaros.com\/en\/rekonstruktivna-hirurgija\/\">\n\t\t\t\t\t\t\t<img loading=\"lazy\" decoding=\"async\" width=\"1024\" height=\"683\" src=\"https:\/\/drnikolabaros.com\/wp-content\/uploads\/2026\/04\/intimna-estetska-hirurgija-1024x683.jpg\" class=\"attachment-large size-large wp-image-3320\" alt=\"\" srcset=\"https:\/\/drnikolabaros.com\/wp-content\/uploads\/2026\/04\/intimna-estetska-hirurgija-1024x683.jpg 1024w, https:\/\/drnikolabaros.com\/wp-content\/uploads\/2026\/04\/intimna-estetska-hirurgija-300x200.jpg 300w, https:\/\/drnikolabaros.com\/wp-content\/uploads\/2026\/04\/intimna-estetska-hirurgija-768x512.jpg 768w, https:\/\/drnikolabaros.com\/wp-content\/uploads\/2026\/04\/intimna-estetska-hirurgija-1536x1024.jpg 1536w, https:\/\/drnikolabaros.com\/wp-content\/uploads\/2026\/04\/intimna-estetska-hirurgija-18x12.jpg 18w, https:\/\/drnikolabaros.com\/wp-content\/uploads\/2026\/04\/intimna-estetska-hirurgija-360x240.jpg 360w, https:\/\/drnikolabaros.com\/wp-content\/uploads\/2026\/04\/intimna-estetska-hirurgija.jpg 1920w\" sizes=\"(max-width: 1024px) 100vw, 1024px\" \/>\t\t\t\t\t\t\t\t<\/a>\n\t\t\t\t\t\t\t\t\t\t\t\t\t\t\t<\/div>\n\t\t\t\t<\/div>\n\t\t\t\t\t<\/div>\n\t\t\t\t<\/div>\n\t\t\t\t\t<\/div>\n\t\t\t\t<\/div>\n\t\t<div class=\"elementor-element elementor-element-de614c9 service-listing e-flex e-con-boxed e-con e-child\" data-id=\"de614c9\" data-element_type=\"container\" data-e-type=\"container\" data-settings=\"{&quot;background_background&quot;:&quot;classic&quot;}\">\n\t\t\t\t\t<div class=\"e-con-inner\">\n\t\t<div class=\"elementor-element elementor-element-b0115e3 service-image e-flex e-con-boxed e-con e-child\" data-id=\"b0115e3\" data-element_type=\"container\" data-e-type=\"container\">\n\t\t\t\t\t<div class=\"e-con-inner\">\n\t\t\t\t<div class=\"elementor-element elementor-element-d22d177 elementor-widget elementor-widget-text-editor\" data-id=\"d22d177\" data-element_type=\"widget\" data-e-type=\"widget\" data-widget_type=\"text-editor.default\">\n\t\t\t\t<div class=\"elementor-widget-container\">\n\t\t\t\t\t\t\t\t\t<h3>Surgical procedures<span style=\"color: #daa51f;\"> .<\/span><\/h3>\t\t\t\t\t\t\t\t<\/div>\n\t\t\t\t<\/div>\n\t\t\t\t<div class=\"elementor-element elementor-element-f0d9152 elementor-align-center elementor-widget elementor-widget-button\" data-id=\"f0d9152\" data-element_type=\"widget\" data-e-type=\"widget\" data-widget_type=\"button.default\">\n\t\t\t\t<div class=\"elementor-widget-container\">\n\t\t\t\t\t\t\t\t\t<div class=\"elementor-button-wrapper\">\n\t\t\t\t\t<a class=\"elementor-button elementor-button-link elementor-size-sm\" href=\"https:\/\/drnikolabaros.com\/en\/operativni-zahvati\/\">\n\t\t\t\t\t\t<span class=\"elementor-button-content-wrapper\">\n\t\t\t\t\t\t<span class=\"elementor-button-icon\">\n\t\t\t\t<svg aria-hidden=\"true\" class=\"e-font-icon-svg e-fas-chevron-down\" viewbox=\"0 0 448 512\" xmlns=\"http:\/\/www.w3.org\/2000\/svg\"><path d=\"M207.029 381.476L12.686 187.132c-9.373-9.373-9.373-24.569 0-33.941l22.667-22.667c9.357-9.357 24.522-9.375 33.901-.04L224 284.505l154.745-154.021c9.379-9.335 24.544-9.317 33.901.04l22.667 22.667c9.373 9.373 9.373 24.569 0 33.941L240.971 381.476c-9.373 9.372-24.569 9.372-33.942 0z\"><\/path><\/svg>\t\t\t<\/span>\n\t\t\t\t\t\t\t\t\t<span class=\"elementor-button-text\">Pogledaj vi\u0161e<\/span>\n\t\t\t\t\t<\/span>\n\t\t\t\t\t<\/a>\n\t\t\t\t<\/div>\n\t\t\t\t\t\t\t\t<\/div>\n\t\t\t\t<\/div>\n\t\t\t\t\t<\/div>\n\t\t\t\t<\/div>\n\t\t\t\t\t<\/div>\n\t\t\t\t<\/div>\n\t\t\t\t\t<\/div>\n\t\t\t\t<\/div>\n\t\t<div class=\"elementor-element elementor-element-839c2ea e-flex e-con-boxed e-con e-parent\" data-id=\"839c2ea\" data-element_type=\"container\" data-e-type=\"container\">\n\t\t\t\t\t<div class=\"e-con-inner\">\n\t\t\t\t<div class=\"elementor-element elementor-element-88da22c animated-slow elementor-widget-divider--view-line elementor-invisible elementor-widget elementor-widget-divider\" data-id=\"88da22c\" data-element_type=\"widget\" data-e-type=\"widget\" data-settings=\"{&quot;_animation&quot;:&quot;fadeIn&quot;}\" data-widget_type=\"divider.default\">\n\t\t\t\t<div class=\"elementor-widget-container\">\n\t\t\t\t\t\t\t<div class=\"elementor-divider\">\n\t\t\t<span class=\"elementor-divider-separator\">\n\t\t\t\t\t\t<\/span>\n\t\t<\/div>\n\t\t\t\t\t\t<\/div>\n\t\t\t\t<\/div>\n\t\t\t\t<div class=\"elementor-element elementor-element-1b88c62 animated-slow elementor-invisible elementor-widget elementor-widget-text-editor\" data-id=\"1b88c62\" data-element_type=\"widget\" data-e-type=\"widget\" data-settings=\"{&quot;_animation&quot;:&quot;fadeIn&quot;,&quot;_animation_delay&quot;:300}\" data-widget_type=\"text-editor.default\">\n\t\t\t\t<div class=\"elementor-widget-container\">\n\t\t\t\t\t\t\t\t\t<p style=\"text-align: center;\">All photos of procedures are real works of Dr. Baro\u0161. The photographs have not been edited to create a false impression of the results of the work. The only interventions performed on the photographs of the procedures are cropping for fitting onto the page due to dimensions or changes such as the removal of tattoos (at the patient's request).<\/p>\t\t\t\t\t\t\t\t<\/div>\n\t\t\t\t<\/div>\n\t\t\t\t\t<\/div>\n\t\t\t\t<\/div>\n\t\t\t\t<\/div>","protected":false},"excerpt":{"rendered":"<p>Galerija radova Pogledajte galeriju u kojoj se nalaze neki od radova dr Baro\u0161a Hirurgija grudi Estetska hirurgija lica Estetska hirurgija tijela Injekciona terapija Intimna estetska hirurgija Operativni zahvati . Pogledaj vi\u0161e Sve fotografije\u00a0 zahvata su stvarni radovi doktora Baro\u0161a. Fotografije nisu ure\u0111ene tako da bi se stekao la\u017eni utisak o rezultatima rada. Jedine intervencije koje [&hellip;]<\/p>\n","protected":false},"author":1,"featured_media":0,"parent":0,"menu_order":0,"comment_status":"closed","ping_status":"closed","template":"","meta":{"om_disable_all_campaigns":false,"_monsterinsights_skip_tracking":false,"_monsterinsights_sitenote_active":false,"_monsterinsights_sitenote_note":"","_monsterinsights_sitenote_category":0,"site-sidebar-layout":"no-sidebar","site-content-layout":"page-builder","ast-site-content-layout":"full-width-container","site-content-style":"default","site-sidebar-style":"default","ast-global-header-display":"","ast-banner-title-visibility":"","ast-main-header-display":"","ast-hfb-above-header-display":"","ast-hfb-below-header-display":"","ast-hfb-mobile-header-display":"","site-post-title":"disabled","ast-breadcrumbs-content":"","ast-featured-img":"disabled","footer-sml-layout":"","ast-disable-related-posts":"","theme-transparent-header-meta":"","adv-header-id-meta":"","stick-header-meta":"","header-above-stick-meta":"","header-main-stick-meta":"","header-below-stick-meta":"","astra-migrate-meta-layouts":"set","ast-page-background-enabled":"default","ast-page-background-meta":{"desktop":{"background-color":"","background-image":"","background-repeat":"repeat","background-position":"center center","background-size":"auto","background-attachment":"scroll","background-type":"","background-media":"","overlay-type":"","overlay-color":"","overlay-opacity":"","overlay-gradient":""},"tablet":{"background-color":"","background-image":"","background-repeat":"repeat","background-position":"center center","background-size":"auto","background-attachment":"scroll","background-type":"","background-media":"","overlay-type":"","overlay-color":"","overlay-opacity":"","overlay-gradient":""},"mobile":{"background-color":"","background-image":"","background-repeat":"repeat","background-position":"center center","background-size":"auto","background-attachment":"scroll","background-type":"","background-media":"","overlay-type":"","overlay-color":"","overlay-opacity":"","overlay-gradient":""}},"ast-content-background-meta":{"desktop":{"background-color":"var(--ast-global-color-5)","background-image":"","background-repeat":"repeat","background-position":"center center","background-size":"auto","background-attachment":"scroll","background-type":"","background-media":"","overlay-type":"","overlay-color":"","overlay-opacity":"","overlay-gradient":""},"tablet":{"background-color":"var(--ast-global-color-5)","background-image":"","background-repeat":"repeat","background-position":"center center","background-size":"auto","background-attachment":"scroll","background-type":"","background-media":"","overlay-type":"","overlay-color":"","overlay-opacity":"","overlay-gradient":""},"mobile":{"background-color":"var(--ast-global-color-5)","background-image":"","background-repeat":"repeat","background-position":"center center","background-size":"auto","background-attachment":"scroll","background-type":"","background-media":"","overlay-type":"","overlay-color":"","overlay-opacity":"","overlay-gradient":""}},"footnotes":""},"class_list":["post-901","page","type-page","status-publish","hentry"],"aioseo_notices":[],"_links":{"self":[{"href":"https:\/\/drnikolabaros.com\/en\/wp-json\/wp\/v2\/pages\/901","targetHints":{"allow":["GET"]}}],"collection":[{"href":"https:\/\/drnikolabaros.com\/en\/wp-json\/wp\/v2\/pages"}],"about":[{"href":"https:\/\/drnikolabaros.com\/en\/wp-json\/wp\/v2\/types\/page"}],"author":[{"embeddable":true,"href":"https:\/\/drnikolabaros.com\/en\/wp-json\/wp\/v2\/users\/1"}],"replies":[{"embeddable":true,"href":"https:\/\/drnikolabaros.com\/en\/wp-json\/wp\/v2\/comments?post=901"}],"version-history":[{"count":19,"href":"https:\/\/drnikolabaros.com\/en\/wp-json\/wp\/v2\/pages\/901\/revisions"}],"predecessor-version":[{"id":3329,"href":"https:\/\/drnikolabaros.com\/en\/wp-json\/wp\/v2\/pages\/901\/revisions\/3329"}],"wp:attachment":[{"href":"https:\/\/drnikolabaros.com\/en\/wp-json\/wp\/v2\/media?parent=901"}],"curies":[{"name":"wp","href":"https:\/\/api.w.org\/{rel}","templated":true}]}}